
{"id":5162,"date":"2024-03-04T17:13:04","date_gmt":"2024-03-04T15:13:04","guid":{"rendered":"https:\/\/platformartvalencia.com\/dance-for-adult-girls\/"},"modified":"2024-03-15T13:38:02","modified_gmt":"2024-03-15T10:38:02","slug":"dance-for-adult-girls","status":"publish","type":"page","link":"https:\/\/platformartvalencia.com\/es\/dance-for-adult-girls\/","title":{"rendered":"Dance for adult girls"},"content":{"rendered":"<section data-bb-version=\"4.7.8\" id=\"bt_bb_section69e1bec8d65e7\"  class=\"bt_bb_section bt_bb_color_scheme_1 bt_bb_layout_wide bt_bb_vertical_align_bottom bt_bb_background_overlay_dark_solid bt_bb_top_spacing_ bt_bb_bottom_spacing_ d-none\" style=\"; --section-primary-color:#ffffff; --section-secondary-color:#191919;\" data-bt-override-class=\"{&quot;bt_bb_top_spacing_&quot;:{&quot;current_class&quot;:&quot;bt_bb_top_spacing_&quot;,&quot;xxl&quot;:&quot;&quot;},&quot;bt_bb_bottom_spacing_&quot;:{&quot;current_class&quot;:&quot;bt_bb_bottom_spacing_&quot;,&quot;xxl&quot;:&quot;&quot;}}\"><div class=\"bt_bb_port\"><div class=\"bt_bb_cell\"><div class=\"bt_bb_cell_inner\"><div class=\"bt_bb_row_wrapper\"><div  class=\"bt_bb_row bt_bb_shape_inherit\"  data-bt-override-class=\"{}\"><div data-bb-version=\"4.7.8\"  class=\"bt_bb_column col-xxl-12 col-xl-12 slider_desc_servi bt_bb_vertical_align_top bt_bb_align_center bt_bb_padding_normal bt_bb_shape_inherit\"  data-width=\"12\" data-bt-override-class=\"{&quot;bt_bb_align_&quot;:{&quot;current_class&quot;:&quot;bt_bb_align_center&quot;,&quot;xxl&quot;:&quot;center&quot;},&quot;bt_bb_padding_&quot;:{&quot;current_class&quot;:&quot;bt_bb_padding_normal&quot;,&quot;xxl&quot;:&quot;normal&quot;}}\"><div class=\"bt_bb_column_content\"><div class=\"bt_bb_column_content_inner\"><div class=\"bt_bb_content_slider bt_bb_gap_no_gap bt_bb_arrows_size_large bt_bb_show_dots_bottom bt_bb_height_keep-height bt_bb_animation_fade bt_bb_animation_fade animate\" data-bt-override-class=\"{}\"><div class=\"slick-slider fade\"  data-slick='{ \"lazyLoad\": \"progressive\", \"cssEase\": \"ease-out\", \"speed\": \"600\", \"accessibility\": false, \"fade\": true, \"prevArrow\": \"&lt;button type=\\\"button\\\" class=\\\"slick-prev\\\" aria-label=\\\"Previous\\\" tabindex=\\\"0\\\" role=\\\"button\\\"&gt;&lt;\/button&gt;\", \"nextArrow\": \"&lt;button type=\\\"button\\\" class=\\\"slick-next\\\" aria-label=\\\"Next\\\" tabindex=\\\"0\\\" role=\\\"button\\\"&gt;&lt;\/button&gt;\", \"dots\": true,\"autoplay\": true, \"autoplaySpeed\": 2000,\"pauseOnHover\": false}' ><div class=\"bt_bb_content_slider_item bt_bb_column_background_image\" style=\";background-image:url(&#039;https:\/\/platformartvalencia.com\/wp-content\/uploads\/2018\/09\/featured_image_blog.jpg&#039;);\"><div class=\"bt_bb_content_slider_item_content content\"><div class=\"bt_bb_row_wrapper\"><div  class=\"bt_bb_row_inner\"  data-bt-override-class=\"{}\"><div  class=\"bt_bb_column_inner col-xxl-6 col-xl-6 bt_bb_vertical_align_top bt_bb_align_left bt_bb_padding_normal bt_bb_animation_fade_in bt_bb_animation_move_left animate\"  data-width=\"6\" data-bt-override-class=\"{}\"><div class=\"bt_bb_column_inner_content\"><div class=\"bt_bb_separator bt_bb_border_style_none bt_bb_bottom_spacing_extra_large\" data-bt-override-class=\"null\"><\/div><header data-bb-version=\"4.7.8\" class=\"bt_bb_headline bt_bb_subheadline_text_transform_default bt_bb_dash_none bt_bb_size_extralarge bt_bb_align_inherit\" data-bt-override-class=\"{&quot;bt_bb_size_&quot;:{&quot;current_class&quot;:&quot;bt_bb_size_extralarge&quot;,&quot;xxl&quot;:&quot;extralarge&quot;},&quot;bt_bb_align_&quot;:{&quot;current_class&quot;:&quot;bt_bb_align_inherit&quot;,&quot;xxl&quot;:&quot;inherit&quot;}}\"><h4 class=\"bt_bb_headline_tag\"><span class=\"bt_bb_headline_content\"><span>Moderno<\/span><\/span><\/h4><\/header><div class=\"bt_bb_separator bt_bb_border_style_none bt_bb_bottom_spacing_extra_large\" data-bt-override-class=\"null\"><\/div><\/div><\/div><div  class=\"bt_bb_column_inner col-xxl-6 col-xl-6 bt_bb_vertical_align_top bt_bb_align_left bt_bb_padding_normal\"  data-width=\"6\" data-bt-override-class=\"{}\"><div class=\"bt_bb_column_inner_content\"><\/div><\/div><\/div><\/div><\/div><\/div><div class=\"bt_bb_content_slider_item bt_bb_column_background_image\" style=\";background-image:url(&#039;https:\/\/platformartvalencia.com\/wp-content\/uploads\/2018\/09\/featured_image_shop.jpg&#039;);\"><div class=\"bt_bb_content_slider_item_content content\"><div class=\"bt_bb_row_wrapper\"><div  class=\"bt_bb_row_inner\"  data-bt-override-class=\"{}\"><div  class=\"bt_bb_column_inner col-xxl-6 col-xl-6 bt_bb_vertical_align_top bt_bb_align_left bt_bb_padding_normal bt_bb_animation_fade_in bt_bb_animation_move_left animate\"  data-width=\"6\" data-bt-override-class=\"{}\"><div class=\"bt_bb_column_inner_content\"><div class=\"bt_bb_separator bt_bb_border_style_none bt_bb_bottom_spacing_extra_large\" data-bt-override-class=\"null\"><\/div><header data-bb-version=\"4.7.8\" class=\"bt_bb_headline bt_bb_subheadline_text_transform_default bt_bb_dash_none bt_bb_size_extralarge bt_bb_align_inherit\" data-bt-override-class=\"{&quot;bt_bb_size_&quot;:{&quot;current_class&quot;:&quot;bt_bb_size_extralarge&quot;,&quot;xxl&quot;:&quot;extralarge&quot;},&quot;bt_bb_align_&quot;:{&quot;current_class&quot;:&quot;bt_bb_align_inherit&quot;,&quot;xxl&quot;:&quot;inherit&quot;}}\"><h4 class=\"bt_bb_headline_tag\"><span class=\"bt_bb_headline_content\"><span>\u0414\u043b\u044f \u0434\u0435\u0442\u0435\u0439<\/span><\/span><\/h4><\/header><div class=\"bt_bb_separator bt_bb_border_style_none bt_bb_bottom_spacing_extra_large\" data-bt-override-class=\"null\"><\/div><\/div><\/div><div  class=\"bt_bb_column_inner col-xxl-6 col-xl-6 bt_bb_vertical_align_top bt_bb_align_left bt_bb_padding_normal\"  data-width=\"6\" data-bt-override-class=\"{}\"><div class=\"bt_bb_column_inner_content\"><\/div><\/div><\/div><\/div><\/div><\/div><div class=\"bt_bb_content_slider_item bt_bb_column_background_image\" style=\";background-image:url(&#039;https:\/\/platformartvalencia.com\/wp-content\/uploads\/2018\/09\/post_02.jpg&#039;);\"><div class=\"bt_bb_content_slider_item_content content\"><div class=\"bt_bb_row_wrapper\"><div  class=\"bt_bb_row_inner\"  data-bt-override-class=\"{}\"><div  class=\"bt_bb_column_inner col-xxl-6 col-xl-6 bt_bb_vertical_align_top bt_bb_align_left bt_bb_padding_normal bt_bb_animation_fade_in bt_bb_animation_move_left animate\"  data-width=\"6\" data-bt-override-class=\"{}\"><div class=\"bt_bb_column_inner_content\"><div class=\"bt_bb_separator bt_bb_border_style_none bt_bb_bottom_spacing_extra_large\" data-bt-override-class=\"null\"><\/div><header data-bb-version=\"4.7.8\" class=\"bt_bb_headline bt_bb_subheadline_text_transform_default bt_bb_dash_none bt_bb_size_extralarge bt_bb_align_inherit\" data-bt-override-class=\"{&quot;bt_bb_size_&quot;:{&quot;current_class&quot;:&quot;bt_bb_size_extralarge&quot;,&quot;xxl&quot;:&quot;extralarge&quot;},&quot;bt_bb_align_&quot;:{&quot;current_class&quot;:&quot;bt_bb_align_inherit&quot;,&quot;xxl&quot;:&quot;inherit&quot;}}\"><h4 class=\"bt_bb_headline_tag\"><span class=\"bt_bb_headline_content\"><span>\u0414\u043b\u044f \u0432\u0437\u0440\u043e\u0441\u043b\u044b\u0445<\/span><\/span><\/h4><\/header><div class=\"bt_bb_separator bt_bb_border_style_none bt_bb_bottom_spacing_extra_large\" data-bt-override-class=\"null\"><\/div><\/div><\/div><div  class=\"bt_bb_column_inner col-xxl-6 col-xl-6 bt_bb_vertical_align_top bt_bb_align_left bt_bb_padding_normal\"  data-width=\"6\" data-bt-override-class=\"{}\"><div class=\"bt_bb_column_inner_content\"><\/div><\/div><\/div><\/div><\/div><\/div><\/div><\/div><\/div><\/div><\/div><\/div><\/div><\/div><\/div><\/div><\/section><section data-bb-version=\"4.7.8\" id=\"bt_bb_section69e1bec8d80d5\"  class=\"bt_bb_section bt_bb_layout_boxed_1200 bt_bb_vertical_align_top bt_bb_top_spacing_medium bt_bb_bottom_spacing_\"  data-bt-override-class=\"{&quot;bt_bb_top_spacing_&quot;:{&quot;current_class&quot;:&quot;bt_bb_top_spacing_medium&quot;,&quot;xxl&quot;:&quot;medium&quot;},&quot;bt_bb_bottom_spacing_&quot;:{&quot;current_class&quot;:&quot;bt_bb_bottom_spacing_&quot;,&quot;xxl&quot;:&quot;&quot;}}\"><div class=\"bt_bb_port\"><div class=\"bt_bb_cell\"><div class=\"bt_bb_cell_inner\"><div class=\"bt_bb_row_wrapper\"><div  class=\"bt_bb_row\"  data-bt-override-class=\"{}\"><div data-bb-version=\"4.7.8\"  class=\"bt_bb_column col-xxl-12 col-xl-12 col-xs-12 col-sm-12 col-md-12 col-lg-12 bt_bb_vertical_align_top bt_bb_align_left bt_bb_padding_normal bt_bb_shape_inherit\"  data-width=\"12\" data-bt-override-class=\"{}\"><div class=\"bt_bb_column_content\"><div class=\"bt_bb_column_content_inner\"><header data-bb-version=\"4.7.8\" class=\"bt_bb_headline bt_bb_subheadline_text_transform_default bt_bb_dash_none bt_bb_subheadline bt_bb_size_extralarge bt_bb_align_inherit\" data-bt-override-class=\"{&quot;bt_bb_size_&quot;:{&quot;current_class&quot;:&quot;bt_bb_size_extralarge&quot;,&quot;xxl&quot;:&quot;extralarge&quot;},&quot;bt_bb_align_&quot;:{&quot;current_class&quot;:&quot;bt_bb_align_inherit&quot;,&quot;xxl&quot;:&quot;inherit&quot;}}\"><h3 class=\"bt_bb_headline_tag\"><span class=\"bt_bb_headline_content\"><span><strong>Dama<\/strong> Jazz<br \/>\r\n<\/span><\/span><\/h3><div class=\"bt_bb_headline_subheadline\">En la base del movimiento yace el significado. Cada gesto y postura surgen no por casualidad, sino que cuentan una historia a trav\u00e9s del lenguaje del cuerpo.<br \/>\r\n<br \/>\r\nNuestro estado interno, emociones, deseos, sentimientos \u2014 aprendemos a expresarlos mediante la danza. Nuestra feminidad es nuestra ventaja y fuerza. Las clases se fundamentan en la t\u00e9cnica del jazz moderno, contempor\u00e1neo y la improvisaci\u00f3n de contacto.<br \/>\r\n<br \/>\r\nLa clase comienza con un calentamiento, dominamos elementos t\u00e9cnicos y avanzamos al aprendizaje de secuencias de danza cortas. Desarrollamos musicalidad, expresi\u00f3n corporal, presentaci\u00f3n, desinhibici\u00f3n y, por supuesto, el placer de bailar.<\/div><\/header><div class=\"bt_bb_separator bt_bb_border_style_none bt_bb_bottom_spacing_normal\" data-bt-override-class=\"null\"><\/div><div  class=\"bt_bb_text\" ><\/div><\/div><\/div><\/div><\/div><\/div><\/div><\/div><\/div><\/section><section data-bb-version=\"4.7.8\" id=\"bt_bb_section69e1bec8d85e3\"  class=\"bt_bb_section bt_bb_layout_boxed_1200 bt_bb_vertical_align_top bt_bb_top_spacing_medium bt_bb_bottom_spacing_large\"  data-bt-override-class=\"{&quot;bt_bb_top_spacing_&quot;:{&quot;current_class&quot;:&quot;bt_bb_top_spacing_medium&quot;,&quot;xxl&quot;:&quot;medium&quot;},&quot;bt_bb_bottom_spacing_&quot;:{&quot;current_class&quot;:&quot;bt_bb_bottom_spacing_large&quot;,&quot;xxl&quot;:&quot;large&quot;}}\"><div class=\"bt_bb_port\"><div class=\"bt_bb_cell\"><div class=\"bt_bb_cell_inner\"><div class=\"bt_bb_row_wrapper\"><div  class=\"bt_bb_row bt_bb_column_gap_15 bt_bb_shape_inherit\"  data-bt-override-class=\"{}\"><div  class=\"bt_bb_column col-xxl-6 col-xl-6 bt_bb_vertical_align_top bt_bb_align_left bt_bb_padding_normal bt_bb_animation_fade_in animate\"  data-width=\"6\" data-bt-override-class=\"{}\"><div class=\"bt_bb_column_content\"><div class=\"bt_bb_column_content_inner\"><div data-bb-version=\"4.7.8\" class=\"bt_bb_image te_about_img bt_bb_shape_square bt_bb_align_inherit bt_bb_hover_style_simple bt_bb_content_display_always bt_bb_content_align_middle\" data-bt-override-class=\"{&quot;bt_bb_align_&quot;:{&quot;current_class&quot;:&quot;bt_bb_align_inherit&quot;,&quot;xxl&quot;:&quot;inherit&quot;}}\"><span><img src = \"https:\/\/platformartvalencia.com\/wp-content\/plugins\/bold-page-builder\/img\/blank.gif\" data-image_src=\"https:\/\/platformartvalencia.com\/wp-content\/uploads\/2024\/01\/marina_th_bw.jpg\" title=\"marina_th_bw\" alt=\"https:\/\/platformartvalencia.com\/wp-content\/uploads\/2024\/01\/marina_th_bw.jpg\" class=\"btLazyLoadImage\"><\/span><\/div><\/div><\/div><\/div><div  class=\"bt_bb_column col-xxl-6 col-xl-6 bt_bb_vertical_align_top bt_bb_align_left bt_bb_padding_double bt_bb_animation_fade_in animate\"  data-width=\"6\" data-bt-override-class=\"{}\"><div class=\"bt_bb_column_content\"><div class=\"bt_bb_column_content_inner\"><div class=\"bt_bb_separator bt_bb_border_style_none bt_bb_bottom_spacing_medium\" data-bt-override-class=\"null\"><\/div><header data-bb-version=\"4.7.8\" class=\"bt_bb_headline bt_bb_subheadline_text_transform_default bt_bb_color_scheme_5 bt_bb_dash_none bt_bb_superheadline bt_bb_subheadline bt_bb_size_large bt_bb_align_inherit\" style=\"; --primary-color:#191919; --secondary-color:#e41612;\" data-bt-override-class=\"{&quot;bt_bb_size_&quot;:{&quot;current_class&quot;:&quot;bt_bb_size_large&quot;,&quot;xxl&quot;:&quot;large&quot;},&quot;bt_bb_align_&quot;:{&quot;current_class&quot;:&quot;bt_bb_align_inherit&quot;,&quot;xxl&quot;:&quot;inherit&quot;}}\"><h3 class=\"bt_bb_headline_tag\"><span class=\"bt_bb_headline_superheadline\">Profesor<\/span><span class=\"bt_bb_headline_content\"><span>Marina Sukontseva<\/span><\/span><\/h3><div class=\"bt_bb_headline_subheadline\">\u041c\u0430\u0440\u0438\u043d\u0430 \u0421\u0443\u043a\u043e\u043d\u0446\u0435\u0432\u0430 \u2014 \u0445\u043e\u0440\u0435\u043e\u0433\u0440\u0430\u0444 \u0438 \u043f\u0435\u0434\u0430\u0433\u043e\u0433 \u0441 \u043a\u0432\u0430\u043b\u0438\u0444\u0438\u043a\u0430\u0446\u0438\u0435\u0439 \u0432 \u043e\u0431\u043b\u0430\u0441\u0442\u0438 \u0445\u043e\u0440\u0435\u043e\u0433\u0440\u0430\u0444\u0438\u0438 \u0438 \u0442\u0435\u0430\u0442\u0440\u0430\u043b\u044c\u043d\u043e\u0433\u043e \u0438\u0441\u043a\u0443\u0441\u0441\u0442\u0432\u0430, \u043f\u043e\u043b\u0443\u0447\u0435\u043d\u043d\u043e\u0439 \u0432 \u041c\u043e\u0441\u043a\u043e\u0432\u0441\u043a\u043e\u043c \u0413\u043e\u0441\u0443\u0434\u0430\u0440\u0441\u0442\u0432\u0435\u043d\u043d\u043e\u043c \u0418\u043d\u0441\u0442\u0438\u0442\u0443\u0442\u0435 \u041a\u0443\u043b\u044c\u0442\u0443\u0440\u044b \u0438 \u0421\u0430\u0440\u0430\u0442\u043e\u0432\u0441\u043a\u043e\u0439 \u0433\u043e\u0441\u0443\u0434\u0430\u0440\u0441\u0442\u0432\u0435\u043d\u043d\u043e\u0439 \u041a\u043e\u043d\u0441\u0435\u0440\u0432\u0430\u0442\u043e\u0440\u0438\u0438. \u0415\u0451 \u043f\u0440\u043e\u0444\u0435\u0441\u0441\u0438\u043e\u043d\u0430\u043b\u044c\u043d\u044b\u0439 \u043f\u0443\u0442\u044c \u0432\u043a\u043b\u044e\u0447\u0430\u0435\u0442 \u0440\u0430\u0431\u043e\u0442\u0443 \u0445\u043e\u0440\u0435\u043e\u0433\u0440\u0430\u0444\u0430-\u043f\u043e\u0441\u0442\u0430\u043d\u043e\u0432\u0449\u0438\u043a\u0430 \u0432 \u0438\u0437\u0432\u0435\u0441\u0442\u043d\u044b\u0445 \u0442\u0435\u0430\u0442\u0440\u0430\u043b\u044c\u043d\u044b\u0445 \u043a\u043e\u043b\u043b\u0435\u043a\u0442\u0438\u0432\u0430\u0445. \u041c\u0430\u0440\u0438\u043d\u0430 \u043f\u0440\u0438\u043c\u0435\u043d\u044f\u0435\u0442 \u0441\u0432\u043e\u0439 \u043e\u0431\u0448\u0438\u0440\u043d\u044b\u0439 \u043e\u043f\u044b\u0442 \u0434\u043b\u044f \u0440\u0430\u0437\u0432\u0438\u0442\u0438\u044f \u0442\u0432\u043e\u0440\u0447\u0435\u0441\u043a\u0438\u0445 \u0438 \u0438\u0441\u043f\u043e\u043b\u043d\u0438\u0442\u0435\u043b\u044c\u0441\u043a\u0438\u0445 \u043d\u0430\u0432\u044b\u043a\u043e\u0432 \u0443\u0447\u0435\u043d\u0438\u043a\u043e\u0432 \u0447\u0435\u0440\u0435\u0437 \u0440\u0430\u0437\u043b\u0438\u0447\u043d\u044b\u0435 \u0444\u043e\u0440\u043c\u044b \u0442\u0430\u043d\u0446\u0435\u0432\u0430\u043b\u044c\u043d\u043e\u0433\u043e \u0438\u0441\u043a\u0443\u0441\u0441\u0442\u0432\u0430.<\/div><\/header><div class=\"bt_bb_separator bt_bb_border_style_none bt_bb_bottom_spacing_30\" data-bt-override-class=\"null\"><\/div><div class=\"bt_bb_accordion bt_bb_color_scheme_3 bt_bb_style_simple bt_bb_shape_square\" style=\"; --accordion-primary-color:#e41612; --accordion-secondary-color:#191919;\" data-closed=closed><div class=\"bt_bb_accordion_item btWithIcon\"><div class=\"bt_bb_accordion_item_title_content\"><span  data-ico-artistic=\"&#xf11f;\" class=\"bt_bb_icon_holder\"><\/span><div class=\"bt_bb_accordion_item_title\">Educaci\u00f3n<\/div><\/div><div class=\"bt_bb_accordion_item_content\"><div  class=\"bt_bb_text\" >\n<ul>\n<li>Instituto Estatal de Cultura de Mosc\u00fa, Facultad de Coreograf\u00eda, 2018-2020.<\/li>\n<li>Conservatorio Estatal de Saratov L.V. Sobinov, Facultad de Teatro, Actriz de teatro y cine y directora, 2000-2005.<\/li>\n<\/ul>\n<\/div>\n<\/div><\/div><div class=\"bt_bb_accordion_item btWithIcon\"><div class=\"bt_bb_accordion_item_title_content\"><span  data-ico-artistic=\"&#xf123;\" class=\"bt_bb_icon_holder\"><\/span><div class=\"bt_bb_accordion_item_title\">Experiencia Laboral<\/div><\/div><div class=\"bt_bb_accordion_item_content\"><div  class=\"bt_bb_text\" >\n<ul>\n<li>Core\u00f3grafo y montajista en varios teatros, incluyendo:\n<ul>\n<li>Teatro de M\u00fasica y Poes\u00eda dirigido por Elena Kamburova (2013-2018)<\/li>\n<li>Teatro Dram\u00e1tico de Mosc\u00fa \u00abBenefis\u00bb (2009-2013)<\/li>\n<li>Teatro de Mosc\u00fa \u00abEscuela de la Nueva Obra\u00bb (2007-2008)<\/li>\n<\/ul>\n<\/li>\n<\/ul>\n<\/div>\n<\/div><\/div><div class=\"bt_bb_accordion_item btWithIcon\"><div class=\"bt_bb_accordion_item_title_content\"><span  data-ico-artistic=\"&#xf101;\" class=\"bt_bb_icon_holder\"><\/span><div class=\"bt_bb_accordion_item_title\">Clases<\/div><\/div><div class=\"bt_bb_accordion_item_content\"><div  class=\"bt_bb_text\" >\n<ul>\n<li>Danza para chicas adultas<\/li>\n<\/ul>\n<\/div>\n<\/div><\/div><\/div><\/div><\/div><\/div><\/div><\/div><div class=\"bt_bb_row_wrapper\"><div  class=\"bt_bb_row bt_bb_shape_inherit\"  data-bt-override-class=\"{}\"><div  class=\"bt_bb_column col-xxl-12 col-xl-12 bt_bb_vertical_align_top bt_bb_align_left bt_bb_padding_normal bt_bb_shape_inherit\"  data-width=\"12\" data-bt-override-class=\"{}\"><div class=\"bt_bb_column_content\"><div class=\"bt_bb_column_content_inner\"><div class=\"bt_bb_separator bt_bb_border_style_none bt_bb_bottom_spacing_normal bt_bb_hidden_md bt_bb_hidden_lg\" data-bt-override-class=\"null\"><\/div><\/div><\/div><\/div><\/div><\/div><\/div><\/div><\/div><\/section><section id=\"bt_bb_section69e1bec8d9a7a\"  class=\"bt_bb_section bt_bb_color_scheme_6 bt_bb_layout_boxed_1200 bt_bb_vertical_align_top bt_bb_top_spacing_60 bt_bb_bottom_spacing_60\" style=\"; --section-primary-color:#ffffff; --section-secondary-color:#e41612;\" data-bt-override-class=\"null\"><div class=\"bt_bb_port\"><div class=\"bt_bb_cell\"><div class=\"bt_bb_cell_inner\"><div class=\"bt_bb_row_wrapper\"><div  class=\"bt_bb_row bt_bb_column_gap_0 bt_bb_hidden_xs bt_bb_hidden_ms\"  data-bt-override-class=\"{}\"><div  class=\"bt_bb_column col-xxl-9 col-xl-9 bt_bb_vertical_align_middle bt_bb_align_left bt_bb_padding_normal bt_bb_animation_fade_in animate\"  data-width=\"9\" data-bt-override-class=\"{}\"><div class=\"bt_bb_column_content\"><div class=\"bt_bb_column_content_inner\"><header data-bb-version=\"4.7.8\" class=\"bt_bb_headline bt_bb_subheadline_text_transform_default bt_bb_dash_none bt_bb_size_normal bt_bb_align_inherit\" data-bt-override-class=\"{&quot;bt_bb_size_&quot;:{&quot;current_class&quot;:&quot;bt_bb_size_normal&quot;,&quot;xxl&quot;:&quot;normal&quot;},&quot;bt_bb_align_&quot;:{&quot;current_class&quot;:&quot;bt_bb_align_inherit&quot;,&quot;xxl&quot;:&quot;inherit&quot;}}\"><h4 class=\"bt_bb_headline_tag\"><span class=\"bt_bb_headline_content\"><span>Reserva ahora tu primera clase<\/span><\/span><\/h4><\/header><\/div><\/div><\/div><div  class=\"bt_bb_column col-xxl-3 col-xl-3 bt_bb_vertical_align_middle bt_bb_align_right bt_bb_padding_normal bt_bb_animation_fade_in animate\"  data-width=\"3\" data-bt-override-class=\"{}\"><div class=\"bt_bb_column_content\"><div class=\"bt_bb_column_content_inner\"><div data-bb-version=\"4.7.8\" class=\"bt_bb_button bt_bb_color_scheme_6 bt_bb_icon_position_left bt_bb_style_outline bt_bb_size_large bt_bb_width_inline bt_bb_shape_inherit bt_bb_target_self bt_bb_text_transform_inherit bt_bb_align_inherit\" style=\"; --primary-color:#ffffff; --secondary-color:#e41612;\" data-bt-override-class=\"{&quot;bt_bb_size_&quot;:{&quot;current_class&quot;:&quot;bt_bb_size_large&quot;,&quot;xxl&quot;:&quot;large&quot;},&quot;bt_bb_align_&quot;:{&quot;current_class&quot;:&quot;bt_bb_align_inherit&quot;,&quot;xxl&quot;:&quot;inherit&quot;}}\"><a href=\"javascript:void(0);\" target=\"_self\" class=\"bt_bb_link\" title=\"Comprar\" data-category=\"\"><span class=\"bt_bb_button_text\" >Comprar<\/span><\/a><\/div><\/div><\/div><\/div><\/div><\/div><div class=\"bt_bb_row_wrapper\"><div  class=\"bt_bb_row bt_bb_column_gap_0 bt_bb_hidden_sm bt_bb_hidden_md bt_bb_hidden_lg\"  data-bt-override-class=\"{}\"><div  class=\"bt_bb_column col-xxl-12 col-xl-12 bt_bb_vertical_align_middle bt_bb_align_center bt_bb_padding_normal bt_bb_animation_fade_in animate\"  data-width=\"12\" data-bt-override-class=\"{}\"><div class=\"bt_bb_column_content\"><div class=\"bt_bb_column_content_inner\"><header data-bb-version=\"4.7.8\" class=\"bt_bb_headline bt_bb_subheadline_text_transform_default bt_bb_dash_none bt_bb_size_normal bt_bb_align_inherit\" data-bt-override-class=\"{&quot;bt_bb_size_&quot;:{&quot;current_class&quot;:&quot;bt_bb_size_normal&quot;,&quot;xxl&quot;:&quot;normal&quot;},&quot;bt_bb_align_&quot;:{&quot;current_class&quot;:&quot;bt_bb_align_inherit&quot;,&quot;xxl&quot;:&quot;inherit&quot;}}\"><h4 class=\"bt_bb_headline_tag\"><span class=\"bt_bb_headline_content\"><span>Reserva ahora tu primera clase<\/span><\/span><\/h4><\/header><div class=\"bt_bb_separator bt_bb_border_style_none bt_bb_bottom_spacing_normal\" data-bt-override-class=\"null\"><\/div><div data-bb-version=\"4.7.8\" class=\"bt_bb_button bt_bb_color_scheme_6 bt_bb_icon_position_left bt_bb_style_outline bt_bb_size_large bt_bb_width_inline bt_bb_shape_inherit bt_bb_target_self bt_bb_text_transform_inherit bt_bb_align_inherit\" style=\"; --primary-color:#ffffff; --secondary-color:#e41612;\" data-bt-override-class=\"{&quot;bt_bb_size_&quot;:{&quot;current_class&quot;:&quot;bt_bb_size_large&quot;,&quot;xxl&quot;:&quot;large&quot;},&quot;bt_bb_align_&quot;:{&quot;current_class&quot;:&quot;bt_bb_align_inherit&quot;,&quot;xxl&quot;:&quot;inherit&quot;}}\"><a href=\"javascript:void(0);\" target=\"_self\" class=\"bt_bb_link\" title=\"Comprar\" data-category=\"\"><span class=\"bt_bb_button_text\" >Comprar<\/span><\/a><\/div><\/div><\/div><\/div><\/div><\/div><\/div><\/div><\/div><\/section>","protected":false},"excerpt":{"rendered":"","protected":false},"author":1,"featured_media":0,"parent":0,"menu_order":0,"comment_status":"closed","ping_status":"closed","template":"","meta":{"_price":"","_stock":"","_tribe_ticket_header":"","_tribe_default_ticket_provider":"TEC\\Tickets\\Commerce\\Module","_tribe_ticket_capacity":"0","_ticket_start_date":"","_ticket_end_date":"","_tribe_ticket_show_description":"","_tribe_ticket_show_not_going":false,"_tribe_ticket_use_global_stock":"","_tribe_ticket_global_stock_level":"","_global_stock_mode":"","_global_stock_cap":"","_tribe_rsvp_for_event":"","_tribe_ticket_going_count":"","_tribe_ticket_not_going_count":"","_tribe_tickets_list":[],"_tribe_ticket_has_attendee_info_fields":false,"footnotes":""},"class_list":["post-5162","page","type-page","status-publish","hentry"],"meta_box":{"boldthemes_theme_menu_name":"","boldthemes_theme_footer_menu_name":"","boldthemes_theme_override":["boldthemes_theme_header_style:transparent-dark","boldthemes_theme_logo:https:\/\/platformartvalencia.com\/wp-content\/uploads\/2024\/01\/logo_transpar.png","boldthemes_theme_below_menu:false"]},"ticketed":false,"_links":{"self":[{"href":"https:\/\/platformartvalencia.com\/es\/wp-json\/wp\/v2\/pages\/5162"}],"collection":[{"href":"https:\/\/platformartvalencia.com\/es\/wp-json\/wp\/v2\/pages"}],"about":[{"href":"https:\/\/platformartvalencia.com\/es\/wp-json\/wp\/v2\/types\/page"}],"author":[{"embeddable":true,"href":"https:\/\/platformartvalencia.com\/es\/wp-json\/wp\/v2\/users\/1"}],"replies":[{"embeddable":true,"href":"https:\/\/platformartvalencia.com\/es\/wp-json\/wp\/v2\/comments?post=5162"}],"version-history":[{"count":4,"href":"https:\/\/platformartvalencia.com\/es\/wp-json\/wp\/v2\/pages\/5162\/revisions"}],"predecessor-version":[{"id":5169,"href":"https:\/\/platformartvalencia.com\/es\/wp-json\/wp\/v2\/pages\/5162\/revisions\/5169"}],"wp:attachment":[{"href":"https:\/\/platformartvalencia.com\/es\/wp-json\/wp\/v2\/media?parent=5162"}],"curies":[{"name":"wp","href":"https:\/\/api.w.org\/{rel}","templated":true}]}}