
{"id":5039,"date":"2019-05-21T14:25:49","date_gmt":"2019-05-21T12:25:49","guid":{"rendered":"https:\/\/platformartvalencia.com\/talleres-y-eventos\/"},"modified":"2024-03-28T23:35:06","modified_gmt":"2024-03-28T20:35:06","slug":"talleres-y-eventos","status":"publish","type":"page","link":"https:\/\/platformartvalencia.com\/es\/talleres-y-eventos\/","title":{"rendered":"Talleres y Eventos"},"content":{"rendered":"<section data-bb-version=\"4.7.8\" id=\"bt_bb_section69e1ab2540c0c\" data-parallax=\"0.6\" data-parallax-offset=\"0\" data-background_image_src=\"'https:\/\/platformartvalencia.com\/wp-content\/uploads\/2019\/04\/Grey.jpg'\" class=\"bt_bb_section bt_bb_layout_boxed_1200 bt_bb_vertical_align_top btLazyLoadBackground bt_bb_background_image bt_bb_parallax bt_bb_top_spacing_large bt_bb_bottom_spacing_large section_slide_my12\" style=\"background-image:url(&#039;https:\/\/platformartvalencia.com\/wp-content\/plugins\/bold-page-builder\/img\/blank.gif&#039;);\" data-bt-override-class=\"{&quot;bt_bb_top_spacing_&quot;:{&quot;current_class&quot;:&quot;bt_bb_top_spacing_large&quot;,&quot;xxl&quot;:&quot;large&quot;},&quot;bt_bb_bottom_spacing_&quot;:{&quot;current_class&quot;:&quot;bt_bb_bottom_spacing_large&quot;,&quot;xxl&quot;:&quot;large&quot;}}\"><div class=\"bt_bb_port\"><div class=\"bt_bb_cell\"><div class=\"bt_bb_cell_inner\"><div class=\"bt_bb_row_wrapper\"><div  class=\"bt_bb_row\"  data-bt-override-class=\"{}\"><div  class=\"bt_bb_column col-xxl-8 col-xl-8 bt_bb_vertical_align_top bt_bb_align_left bt_bb_padding_normal bt_bb_shape_inherit\"  data-width=\"8\" data-bt-override-class=\"{}\"><div class=\"bt_bb_column_content\"><div class=\"bt_bb_column_content_inner\"><div class=\"bt_bb_separator bt_bb_border_style_none bt_bb_bottom_spacing_large\" data-bt-override-class=\"null\"><\/div><header data-bb-version=\"4.7.8\" class=\"bt_bb_headline bt_bb_subheadline_text_transform_default bt_bb_dash_top_bottom bt_bb_size_extralarge bt_bb_align_inherit bt_bb_dash_color_scheme_4\" data-bt-override-class=\"{&quot;bt_bb_size_&quot;:{&quot;current_class&quot;:&quot;bt_bb_size_extralarge&quot;,&quot;xxl&quot;:&quot;extralarge&quot;},&quot;bt_bb_align_&quot;:{&quot;current_class&quot;:&quot;bt_bb_align_inherit&quot;,&quot;xxl&quot;:&quot;inherit&quot;}}\"><h1 class=\"bt_bb_headline_tag\"><span class=\"bt_bb_headline_content\"><span> <strong>Talleres<\/strong> y Eventos<br \/>\r\n<\/span><\/span><\/h1><\/header><div class=\"bt_bb_separator bt_bb_border_style_none bt_bb_top_spacing_30 bt_bb_bottom_spacing_100\" data-bt-override-class=\"null\"><\/div><\/div><\/div><\/div><div  class=\"bt_bb_column col-xxl-4 col-xl-4 bt_bb_vertical_align_top bt_bb_align_left bt_bb_padding_normal\"  data-width=\"4\" data-bt-override-class=\"{}\"><div class=\"bt_bb_column_content\"><div class=\"bt_bb_column_content_inner\"><\/div><\/div><\/div><\/div><\/div><\/div><\/div><\/div><\/section><section data-bb-version=\"4.7.8\" id=\"bt_bb_section69e1ab254130e\"  class=\"bt_bb_section bt_bb_layout_boxed_1200 bt_bb_vertical_align_top bt_bb_top_spacing_small bt_bb_bottom_spacing_\"  data-bt-override-class=\"{&quot;bt_bb_top_spacing_&quot;:{&quot;current_class&quot;:&quot;bt_bb_top_spacing_small&quot;,&quot;xxl&quot;:&quot;small&quot;},&quot;bt_bb_bottom_spacing_&quot;:{&quot;current_class&quot;:&quot;bt_bb_bottom_spacing_&quot;,&quot;xxl&quot;:&quot;&quot;}}\"><div class=\"bt_bb_port\"><div class=\"bt_bb_cell\"><div class=\"bt_bb_cell_inner\"><div class=\"bt_bb_row_wrapper\"><div  class=\"bt_bb_row\"  data-bt-override-class=\"{}\"><div data-bb-version=\"4.7.8\"  class=\"bt_bb_column col-xxl-12 col-xl-12 col-xs-12 col-sm-12 col-md-12 col-lg-12 bt_bb_vertical_align_top bt_bb_align_left bt_bb_padding_normal bt_bb_shape_inherit\"  data-width=\"12\" data-bt-override-class=\"{}\"><div class=\"bt_bb_column_content\"><div class=\"bt_bb_column_content_inner\"><div data-bb-version=\"4.7.8\"  class=\"bt_bb_text my_calendar_down\" ><!=========Grid View Template 3.0=========><div id=\"ect-grid-wrapper\" class=\"tect-grid-wrapper ect-grid-view-style-3 events\"><div class=\"row\"><div id = \"event-7273\" class=\"ect-grid-event style-3 ect-simple-event col-md-4\" itemscope itemtype=\"http:\/\/schema.org\/Event\">\r\n                <div class=\"ect-grid-event-area\">\r\n                <meta itemprop=\"name\" content=\"Casting\">\r\n                <meta itemprop=\"image\" content=\"https:\/\/platformartvalencia.com\/wp-content\/uploads\/2026\/01\/\u043a\u0430\u0441\u0442\u0438\u043d\u0433-\u043a\u0432\u0430\u0434\u0440\u0430\u0442_page-0001-1280x1281.jpg\">\r\n                <meta itemprop=\"description\" content=\"\u00ab\u041a\u0430\u0441\u0442\u0438\u043d\u0433\u00bb \u2014 \u044d\u0442\u043e \u043d\u0435 \u043f\u0440\u043e\u0441\u0442\u043e \u043c\u044e\u0437\u0438\u043a\u043b \u043e \u0442\u0435\u0430\u0442\u0440\u0435. \u042d\u0442\u043e \u0438\u0441\u0442\u043e\u0440\u0438\u044f \u043e \u0436\u0438\u0437\u043d\u0438 \u043f\u043e\u0434\u0440\u043e\u0441\u0442\u043a\u0430, \u0433\u0434\u0435 \u043a\u0430\u0436\u0434\u044b\u0439 \u0434\u0435\u043d\u044c \u2014 \u0438\u0441\u043f\u044b\u0442\u0430\u043d\u0438\u0435. \u0428\u043a\u043e\u043b\u044c\u043d\u044b\u0439 \u043a\u0430\u0441\u0442\u0438\u043d\u0433 \u043f\u0440\u0435\u0432\u0440\u0430\u0449\u0430\u0435\u0442\u0441\u044f \u0432 \u043f\u0443\u0442\u044c \u043a \u0441\u0430\u043c\u043e\u043c\u0443 \u0441\u0435\u0431\u0435: \u043a\u0430\u043a \u043d\u0435 \u0441\u043b\u043e\u043c\u0430\u0442\u044c\u0441\u044f, \u043f\u043e\u0432\u0435\u0440\u0438\u0442\u044c...\"><div class=\"ect-grid-image\">\r\n                <a href=\"https:\/\/platformartvalencia.com\/es\/event\/casting\/\">\r\n                <img decoding=\"async\" src=\"https:\/\/platformartvalencia.com\/wp-content\/uploads\/2026\/01\/\u043a\u0430\u0441\u0442\u0438\u043d\u0433-\u043a\u0432\u0430\u0434\u0440\u0430\u0442_page-0001-1280x1281.jpg\" title=\"Casting\" alt=\"Casting\">\r\n                <\/a><\/div><div class=\"mycalendar_title\" style=\"display: flex; align-items: center;\"><div class=\"ect-grid-date test_date\">\r\n<div class=\"ect-date-area grid-view-schedule\"  itemprop=\"startDate\" content=\"2026-03-08GMT+02007:00\">\r\n\t\t\t\t\t\t\t<span class=\"ev-mo\">Mar<\/span>\r\n\t\t\t\t\t\t\t<span class=\"ev-day\">08<\/span>\r\n\t\t\t\t\t\t\t<\/div>\r\n\t\t\t\t\t\t\t<meta itemprop=\"endDate\" content=\"2026-03-08GMT+02008:00\">\r\n<\/div><div class=\"ect-grid-title test_title\"><h4><a class=\"ect-event-url\" href=\"https:\/\/platformartvalencia.com\/es\/event\/casting\/\">Casting<\/a><\/h4><\/div><\/div><div class=\"ect-grid-content\"><div class=\"ect-grid-description\">\r\n  <!-- Event Content --><div class=\"ect-event-content\" itemprop=\"description\" content=\"\u00ab\u041a\u0430\u0441\u0442\u0438\u043d\u0433\u00bb \u2014 \u044d\u0442\u043e \u043d\u0435 \u043f\u0440\u043e\u0441\u0442\u043e \u043c\u044e\u0437\u0438\u043a\u043b \u043e \u0442\u0435\u0430\u0442\u0440\u0435. \u042d\u0442\u043e \u0438\u0441\u0442\u043e\u0440\u0438\u044f \u043e \u0436\u0438\u0437\u043d\u0438 \u043f\u043e\u0434\u0440\u043e\u0441\u0442\u043a\u0430, \u0433\u0434\u0435 \u043a\u0430\u0436\u0434\u044b\u0439 \u0434\u0435\u043d\u044c \u2014 \u0438\u0441\u043f\u044b\u0442\u0430\u043d\u0438\u0435. \u0428\u043a\u043e\u043b\u044c\u043d\u044b\u0439 \u043a\u0430\u0441\u0442\u0438\u043d\u0433 \u043f\u0440\u0435\u0432\u0440\u0430\u0449\u0430\u0435\u0442\u0441\u044f \u0432 \u043f\u0443\u0442\u044c \u043a \u0441\u0430\u043c\u043e\u043c\u0443 \u0441\u0435\u0431\u0435: \u043a\u0430\u043a \u043d\u0435 \u0441\u043b\u043e\u043c\u0430\u0442\u044c\u0441\u044f, \u043f\u043e\u0432\u0435\u0440\u0438\u0442\u044c...\"><p>\u00ab\u041a\u0430\u0441\u0442\u0438\u043d\u0433\u00bb \u2014 \u044d\u0442\u043e \u043d\u0435 \u043f\u0440\u043e\u0441\u0442\u043e \u043c\u044e\u0437\u0438\u043a\u043b \u043e \u0442\u0435\u0430\u0442\u0440\u0435. \u042d\u0442\u043e \u0438\u0441\u0442\u043e\u0440\u0438\u044f \u043e \u0436\u0438\u0437\u043d\u0438 \u043f\u043e\u0434\u0440\u043e\u0441\u0442\u043a\u0430, \u0433\u0434\u0435 \u043a\u0430\u0436\u0434\u044b\u0439 \u0434\u0435\u043d\u044c \u2014 \u0438\u0441\u043f\u044b\u0442\u0430\u043d\u0438\u0435. \u0428\u043a\u043e\u043b\u044c\u043d\u044b\u0439 \u043a\u0430\u0441\u0442\u0438\u043d\u0433 \u043f\u0440\u0435\u0432\u0440\u0430\u0449\u0430\u0435\u0442\u0441\u044f \u0432 \u043f\u0443\u0442\u044c \u043a \u0441\u0430\u043c\u043e\u043c\u0443 \u0441\u0435\u0431\u0435: \u043a\u0430\u043a \u043d\u0435 \u0441\u043b\u043e\u043c\u0430\u0442\u044c\u0441\u044f, \u043f\u043e\u0432\u0435\u0440\u0438\u0442\u044c...<\/p>\n<\/div><\/div><div class=\"ect-grid-footer\"><div class=\"ect-grid-readmore full-view\">\r\n    <a href=\"https:\/\/platformartvalencia.com\/es\/event\/casting\/\" title=\"Casting\" rel=\"bookmark\">Descubre m\u00e1s<\/a>\r\n    <\/div><\/div><\/div><\/div><\/div><div id = \"event-5445\" class=\"ect-grid-event style-3 ect-simple-event col-md-4\" itemscope itemtype=\"http:\/\/schema.org\/Event\">\r\n                <div class=\"ect-grid-event-area\">\r\n                <meta itemprop=\"name\" content=\"1 de mayo\">\r\n                <meta itemprop=\"image\" content=\"https:\/\/platformartvalencia.com\/wp-content\/uploads\/2024\/03\/1_ms-1280x733.jpg\">\r\n                <meta itemprop=\"description\" content=\"Los invitamos a ustedes y a sus peque\u00f1os al m\u00e1gico mundo de las maravillas navide\u00f1as en nuestro maravilloso \u00e1rbol de Navidad &quot;Cuentas M\u00e1gicas&quot;! Este evento ofrecer\u00e1 a los ni\u00f1os de 2 a 12 a\u00f1os impresiones inolvidables y un mar de alegr\u00eda. Los personajes principales \u2014Santa Claus y la Ni\u00f1a de Nieve...\"><div class=\"ect-grid-image\">\r\n                <a href=\"https:\/\/platformartvalencia.com\/es\/event\/1-de-mayo\/\">\r\n                <img decoding=\"async\" src=\"https:\/\/platformartvalencia.com\/wp-content\/uploads\/2024\/03\/1_ms-1280x733.jpg\" title=\"1 de mayo\" alt=\"1 de mayo\">\r\n                <\/a><\/div><div class=\"mycalendar_title\" style=\"display: flex; align-items: center;\"><div class=\"ect-grid-date test_date\">\r\n<div class=\"ect-date-area grid-view-schedule\"  itemprop=\"startDate\" content=\"2024-05-01GMT+02008:00\">\r\n\t\t\t\t\t\t\t<span class=\"ev-mo\">May<\/span>\r\n\t\t\t\t\t\t\t<span class=\"ev-day\">01<\/span>\r\n\t\t\t\t\t\t\t<\/div>\r\n\t\t\t\t\t\t\t<meta itemprop=\"endDate\" content=\"2024-05-01GMT+02005:00\">\r\n<\/div><div class=\"ect-grid-title test_title\"><h4><a class=\"ect-event-url\" href=\"https:\/\/platformartvalencia.com\/es\/event\/1-de-mayo\/\">1 de mayo<\/a><\/h4><\/div><\/div><div class=\"ect-grid-content\"><div class=\"ect-grid-description\">\r\n  <!-- Event Content --><div class=\"ect-event-content\" itemprop=\"description\" content=\"Los invitamos a ustedes y a sus peque\u00f1os al m\u00e1gico mundo de las maravillas navide\u00f1as en nuestro maravilloso \u00e1rbol de Navidad &quot;Cuentas M\u00e1gicas&quot;! Este evento ofrecer\u00e1 a los ni\u00f1os de 2 a 12 a\u00f1os impresiones inolvidables y un mar de alegr\u00eda. Los personajes principales \u2014Santa Claus y la Ni\u00f1a de Nieve...\"><p>Los invitamos a ustedes y a sus peque\u00f1os al m\u00e1gico mundo de las maravillas navide\u00f1as en nuestro maravilloso \u00e1rbol de Navidad \"Cuentas M\u00e1gicas\"! Este evento ofrecer\u00e1 a los ni\u00f1os de 2 a 12 a\u00f1os impresiones inolvidables y un mar de alegr\u00eda. Los personajes principales \u2014Santa Claus y la Ni\u00f1a de Nieve...<\/p>\n<\/div><\/div><div class=\"ect-grid-footer\"><div class=\"ect-grid-cost\"><div class=\"ect-rate-area\" itemprop=\"offers\" itemscope itemtype=\"http:\/\/schema.org\/Offer\">\r\n                <span class=\"ect-rate-icon\"><i class=\"ect-icon-ticket\" aria-hidden=\"true\"><\/i><\/span>\r\n                <span class=\"ect-rate\" itemprop=\"price\" content=\"10\">\u20ac10<\/span>\r\n                <meta itemprop=\"priceCurrency\" content=\"\u20ac\" \/><span class=\"ect-ticket-info\"><\/span><\/div><\/div>      <div class=\"ect-grid-readmore\">\r\n    <a href=\"https:\/\/platformartvalencia.com\/es\/event\/1-de-mayo\/\" title=\"1 de mayo\" rel=\"bookmark\">Descubre m\u00e1s<\/a>\r\n    <\/div><\/div><\/div><\/div><\/div><div id = \"event-5440\" class=\"ect-grid-event style-3 ect-simple-event col-md-4\" itemscope itemtype=\"http:\/\/schema.org\/Event\">\r\n                <div class=\"ect-grid-event-area\">\r\n                <meta itemprop=\"name\" content=\"D\u00eda Internacional de la Mujer\">\r\n                <meta itemprop=\"image\" content=\"https:\/\/platformartvalencia.com\/wp-content\/uploads\/2024\/01\/test_event-1280x733.jpg\">\r\n                <meta itemprop=\"description\" content=\"Los invitamos a ustedes y a sus peque\u00f1os al m\u00e1gico mundo de las maravillas navide\u00f1as en nuestro maravilloso \u00e1rbol de Navidad &quot;Cuentas M\u00e1gicas&quot;! Este evento ofrecer\u00e1 a los ni\u00f1os de 2 a 12 a\u00f1os impresiones inolvidables y un mar de alegr\u00eda. Los personajes principales \u2014Santa Claus y la Ni\u00f1a de Nieve...\"><div class=\"ect-grid-image\">\r\n                <a href=\"https:\/\/platformartvalencia.com\/es\/event\/dia-internacional-de-la-mujer\/\">\r\n                <img decoding=\"async\" src=\"https:\/\/platformartvalencia.com\/wp-content\/uploads\/2024\/01\/test_event-1280x733.jpg\" title=\"D\u00eda Internacional de la Mujer\" alt=\"D\u00eda Internacional de la Mujer\">\r\n                <\/a><\/div><div class=\"mycalendar_title\" style=\"display: flex; align-items: center;\"><div class=\"ect-grid-date test_date\">\r\n<div class=\"ect-date-area grid-view-schedule\"  itemprop=\"startDate\" content=\"2024-03-08GMT+02008:00\">\r\n\t\t\t\t\t\t\t<span class=\"ev-mo\">Mar<\/span>\r\n\t\t\t\t\t\t\t<span class=\"ev-day\">08<\/span>\r\n\t\t\t\t\t\t\t<\/div>\r\n\t\t\t\t\t\t\t<meta itemprop=\"endDate\" content=\"2024-03-08GMT+02005:00\">\r\n<\/div><div class=\"ect-grid-title test_title\"><h4><a class=\"ect-event-url\" href=\"https:\/\/platformartvalencia.com\/es\/event\/dia-internacional-de-la-mujer\/\">D\u00eda Internacional de la Mujer<\/a><\/h4><\/div><\/div><div class=\"ect-grid-content\"><div class=\"ect-grid-description\">\r\n  <!-- Event Content --><div class=\"ect-event-content\" itemprop=\"description\" content=\"Los invitamos a ustedes y a sus peque\u00f1os al m\u00e1gico mundo de las maravillas navide\u00f1as en nuestro maravilloso \u00e1rbol de Navidad &quot;Cuentas M\u00e1gicas&quot;! Este evento ofrecer\u00e1 a los ni\u00f1os de 2 a 12 a\u00f1os impresiones inolvidables y un mar de alegr\u00eda. Los personajes principales \u2014Santa Claus y la Ni\u00f1a de Nieve...\"><p>Los invitamos a ustedes y a sus peque\u00f1os al m\u00e1gico mundo de las maravillas navide\u00f1as en nuestro maravilloso \u00e1rbol de Navidad \"Cuentas M\u00e1gicas\"! Este evento ofrecer\u00e1 a los ni\u00f1os de 2 a 12 a\u00f1os impresiones inolvidables y un mar de alegr\u00eda. Los personajes principales \u2014Santa Claus y la Ni\u00f1a de Nieve...<\/p>\n<\/div><\/div><div class=\"ect-grid-footer\"><div class=\"ect-grid-cost\"><div class=\"ect-rate-area\" itemprop=\"offers\" itemscope itemtype=\"http:\/\/schema.org\/Offer\">\r\n                <span class=\"ect-rate-icon\"><i class=\"ect-icon-ticket\" aria-hidden=\"true\"><\/i><\/span>\r\n                <span class=\"ect-rate\" itemprop=\"price\" content=\"10\">&#8364;10<\/span>\r\n                <meta itemprop=\"priceCurrency\" content=\"\" \/><span class=\"ect-ticket-info\"><\/span><\/div><\/div>      <div class=\"ect-grid-readmore\">\r\n    <a href=\"https:\/\/platformartvalencia.com\/es\/event\/dia-internacional-de-la-mujer\/\" title=\"D\u00eda Internacional de la Mujer\" rel=\"bookmark\">Descubre m\u00e1s<\/a>\r\n    <\/div><\/div><\/div><\/div><\/div><\/div><div class=\"ect-load-more style-3\">\r\n                <a href=\"#\" class=\"ect-load-more-btn\">\r\n                <img decoding=\"async\" class=\"ect-preloader\" style=\"display:none;\" src=\"https:\/\/platformartvalencia.com\/wp-content\/plugins\/the-events-calendar-templates-and-shortcode\/assets\/images\/preloader.svg\"> <span class=\"ect-btn-text\">Carga m\u00e1s<\/span><\/a>\r\n                <section data-exclude-events=\"[7273,5445,5440]\"  id=\"ect-lm-settings\" data-load-more=\"Carga m\u00e1s\"  data-loaded=\"No se encontr\u00f3 ning\u00fan evento\" \r\n                data-loading=\"Cargando\" data-settings={\"hide_venue\":\"yes\",\"date_format\":\"MD\",\"socialshare\":\"no\",\"template\":\"grid-view\",\"style\":\"style-3\",\"show_description\":\"yes\",\"ect_grid_columns\":\"3\"} data-ajax-url=\"https:\/\/platformartvalencia.com\/wp-admin\/admin-ajax.php\" data-load-nonce=\"87e26e1ef6\">\r\n                <\/section>\r\n                <script type=\"application\/json\" id=\"ect-query-arg\">{\"post_status\":\"publish\",\"posts_per_page\":\"3\",\"meta_key\":\"_EventStartDate\",\"orderby\":\"event_date\",\"order\":\"DESC\",\"featured\":\"\",\"meta_query\":\"\",\"tax_query\":{\"relation\":\"OR\",\"0\":{\"taxonomy\":\"tribe_events_cat\",\"field\":\"slug\",\"terms\":[\"events\"]}}}<\/script>\r\n                <\/div><\/div><\/div><\/div><\/div><\/div><\/div><\/div><\/div><\/div><\/div><\/section><section data-bb-version=\"4.7.8\" id=\"bt_bb_section69e1ab256005e\"  class=\"bt_bb_section bt_bb_color_scheme_6 bt_bb_layout_boxed_1200 bt_bb_vertical_align_top bt_bb_top_spacing_50 bt_bb_bottom_spacing_50 d-none\" style=\"; --section-primary-color:#ffffff; --section-secondary-color:#e41612;\" data-bt-override-class=\"{&quot;bt_bb_top_spacing_&quot;:{&quot;current_class&quot;:&quot;bt_bb_top_spacing_50&quot;,&quot;xxl&quot;:&quot;50&quot;},&quot;bt_bb_bottom_spacing_&quot;:{&quot;current_class&quot;:&quot;bt_bb_bottom_spacing_50&quot;,&quot;xxl&quot;:&quot;50&quot;}}\"><div class=\"bt_bb_port\"><div class=\"bt_bb_cell\"><div class=\"bt_bb_cell_inner\"><div class=\"bt_bb_row_wrapper\"><div  class=\"bt_bb_row bt_bb_column_gap_0 bt_bb_hidden_xs bt_bb_hidden_ms\"  data-bt-override-class=\"{}\"><div  class=\"bt_bb_column col-xxl-9 col-xl-9 bt_bb_vertical_align_middle bt_bb_align_left bt_bb_padding_normal bt_bb_animation_fade_in animate\"  data-width=\"9\" data-bt-override-class=\"{}\"><div class=\"bt_bb_column_content\"><div class=\"bt_bb_column_content_inner\"><header class=\"bt_bb_headline bt_bb_dash_none bt_bb_size_normal bt_bb_align_inherit\" data-bt-override-class=\"{}\"><h4 class=\"bt_bb_headline_tag\"><span class=\"bt_bb_headline_content\"><span>Our Weekly Schedule<\/span><\/span><\/h4><\/header><\/div><\/div><\/div><div  class=\"bt_bb_column col-xxl-3 col-xl-3 bt_bb_vertical_align_middle bt_bb_align_right bt_bb_padding_normal bt_bb_animation_fade_in animate\"  data-width=\"3\" data-bt-override-class=\"{}\"><div class=\"bt_bb_column_content\"><div class=\"bt_bb_column_content_inner\"><div class=\"bt_bb_button bt_bb_color_scheme_6 bt_bb_icon_position_left bt_bb_style_outline bt_bb_size_large bt_bb_width_inline bt_bb_shape_inherit bt_bb_target_self bt_bb_align_inherit\" style=\"; --primary-color:#ffffff; --secondary-color:#e41612;\" data-bt-override-class=\"{}\"><a href=\"#\" target=\"_self\" class=\"bt_bb_link\" title=\"DOWNLOAD\" data-category=\"\"><span class=\"bt_bb_button_text\" >DOWNLOAD<\/span><\/a><\/div><\/div><\/div><\/div><\/div><\/div><div class=\"bt_bb_row_wrapper\"><div  class=\"bt_bb_row bt_bb_column_gap_0 bt_bb_hidden_sm bt_bb_hidden_md bt_bb_hidden_lg\"  data-bt-override-class=\"{}\"><div  class=\"bt_bb_column col-xxl-12 col-xl-12 bt_bb_vertical_align_middle bt_bb_align_center bt_bb_padding_normal bt_bb_animation_fade_in animate\"  data-width=\"12\" data-bt-override-class=\"{}\"><div class=\"bt_bb_column_content\"><div class=\"bt_bb_column_content_inner\"><header class=\"bt_bb_headline bt_bb_dash_none bt_bb_size_normal bt_bb_align_inherit\" data-bt-override-class=\"{}\"><h4 class=\"bt_bb_headline_tag\"><span class=\"bt_bb_headline_content\"><span>Our Weekly Schedule<\/span><\/span><\/h4><\/header><div class=\"bt_bb_separator bt_bb_border_style_none bt_bb_bottom_spacing_normal\" data-bt-override-class=\"null\"><\/div><div class=\"bt_bb_button bt_bb_color_scheme_6 bt_bb_icon_position_left bt_bb_style_outline bt_bb_size_large bt_bb_width_inline bt_bb_shape_inherit bt_bb_target_self bt_bb_align_inherit\" style=\"; --primary-color:#ffffff; --secondary-color:#e41612;\" data-bt-override-class=\"{}\"><a href=\"#\" target=\"_self\" class=\"bt_bb_link\" title=\"DOWNLOAD\" data-category=\"\"><span class=\"bt_bb_button_text\" >DOWNLOAD<\/span><\/a><\/div><\/div><\/div><\/div><\/div><\/div><\/div><\/div><\/div><\/section>","protected":false},"excerpt":{"rendered":"","protected":false},"author":2,"featured_media":0,"parent":0,"menu_order":0,"comment_status":"closed","ping_status":"closed","template":"","meta":{"_price":"","_stock":"","_tribe_ticket_header":"","_tribe_default_ticket_provider":"TEC\\Tickets\\Commerce\\Module","_tribe_ticket_capacity":"0","_ticket_start_date":"","_ticket_end_date":"","_tribe_ticket_show_description":"","_tribe_ticket_show_not_going":false,"_tribe_ticket_use_global_stock":"","_tribe_ticket_global_stock_level":"","_global_stock_mode":"","_global_stock_cap":"","_tribe_rsvp_for_event":"","_tribe_ticket_going_count":"","_tribe_ticket_not_going_count":"","_tribe_tickets_list":[],"_tribe_ticket_has_attendee_info_fields":false,"footnotes":""},"class_list":["post-5039","page","type-page","status-publish","hentry","cat_adultos","cat_todos-los-eventos"],"meta_box":{"boldthemes_theme_menu_name":"","boldthemes_theme_footer_menu_name":"","boldthemes_theme_override":["boldthemes_theme_header_style:transparent-dark","boldthemes_theme_logo:https:\/\/platformartvalencia.com\/wp-content\/uploads\/2024\/01\/logo_transpar.png"]},"ticketed":false,"_links":{"self":[{"href":"https:\/\/platformartvalencia.com\/es\/wp-json\/wp\/v2\/pages\/5039"}],"collection":[{"href":"https:\/\/platformartvalencia.com\/es\/wp-json\/wp\/v2\/pages"}],"about":[{"href":"https:\/\/platformartvalencia.com\/es\/wp-json\/wp\/v2\/types\/page"}],"author":[{"embeddable":true,"href":"https:\/\/platformartvalencia.com\/es\/wp-json\/wp\/v2\/users\/2"}],"replies":[{"embeddable":true,"href":"https:\/\/platformartvalencia.com\/es\/wp-json\/wp\/v2\/comments?post=5039"}],"version-history":[{"count":1,"href":"https:\/\/platformartvalencia.com\/es\/wp-json\/wp\/v2\/pages\/5039\/revisions"}],"predecessor-version":[{"id":5040,"href":"https:\/\/platformartvalencia.com\/es\/wp-json\/wp\/v2\/pages\/5039\/revisions\/5040"}],"wp:attachment":[{"href":"https:\/\/platformartvalencia.com\/es\/wp-json\/wp\/v2\/media?parent=5039"}],"curies":[{"name":"wp","href":"https:\/\/api.w.org\/{rel}","templated":true}]}}